{"id":387,"date":"2024-05-10T19:12:08","date_gmt":"2024-05-10T19:12:08","guid":{"rendered":"http:\/\/www.cameronballoons.ca\/fr\/?page_id=387"},"modified":"2024-05-12T12:13:25","modified_gmt":"2024-05-12T12:13:25","slug":"nos-produits","status":"publish","type":"page","link":"http:\/\/www.cameronballoons.ca\/en\/nos-produits\/","title":{"rendered":"Nos Produits"},"content":{"rendered":"\n<p>Chez Cameron Balloons Canada nous offrons des produits haute gammes pour combler tous vos besoin d\u2019a\u00e9rostiers. Nos montgolfi\u00e8res sont con\u00e7u \u00e0 Bristol en Angleterre par Cameron Balloons ltd, un leader de l&#8217;industrie depuis plus de 50 ans.<\/p>\n\n\n\n<p>Vous n&#8217;avez qu&#8217;a cliquer sur les liens ci-dessous afin de naviguer nos produits.<\/p>\n\n\n\n<figure class=\"wp-block-gallery has-nested-images columns-3 is-cropped wp-block-gallery-1 is-layout-flex wp-block-gallery-is-layout-flex\">\n<figure class=\"wp-block-image size-large\"><a href=\"https:\/\/www.cameronballoons.co.uk\/envelopes\" target=\"_blank\" rel=\"noreferrer noopener\"><img loading=\"lazy\" decoding=\"async\" width=\"1024\" height=\"768\" data-id=\"390\" src=\"https:\/\/www.cameronballoons.ca\/wp-content\/uploads\/2024\/05\/FB_IMG_1690937844228-1024x768.jpg\" alt=\"\" class=\"wp-image-390\" srcset=\"http:\/\/www.cameronballoons.ca\/wp-content\/uploads\/2024\/05\/FB_IMG_1690937844228-1024x768.jpg 1024w, http:\/\/www.cameronballoons.ca\/wp-content\/uploads\/2024\/05\/FB_IMG_1690937844228-300x225.jpg 300w, http:\/\/www.cameronballoons.ca\/wp-content\/uploads\/2024\/05\/FB_IMG_1690937844228-768x576.jpg 768w, http:\/\/www.cameronballoons.ca\/wp-content\/uploads\/2024\/05\/FB_IMG_1690937844228-1536x1152.jpg 1536w, http:\/\/www.cameronballoons.ca\/wp-content\/uploads\/2024\/05\/FB_IMG_1690937844228.jpg 2048w\" sizes=\"(max-width: 767px) 89vw, (max-width: 1000px) 54vw, (max-width: 1071px) 543px, 580px\" \/><\/a><figcaption class=\"wp-element-caption\"><strong>Enveloppe<\/strong><\/figcaption><\/figure>\n\n\n\n<figure class=\"wp-block-image size-large\"><a href=\"https:\/\/www.cameronballoons.co.uk\/baskets\" target=\"_blank\" rel=\"noreferrer noopener\"><img loading=\"lazy\" decoding=\"async\" width=\"704\" height=\"532\" data-id=\"389\" src=\"https:\/\/www.cameronballoons.ca\/wp-content\/uploads\/2024\/05\/Aristocrat_Basket_4.png\" alt=\"\" class=\"wp-image-389\" srcset=\"http:\/\/www.cameronballoons.ca\/wp-content\/uploads\/2024\/05\/Aristocrat_Basket_4.png 704w, http:\/\/www.cameronballoons.ca\/wp-content\/uploads\/2024\/05\/Aristocrat_Basket_4-300x227.png 300w\" sizes=\"(max-width: 704px) 100vw, 704px\" \/><\/a><figcaption class=\"wp-element-caption\"><strong><mark style=\"background-color:rgba(0, 0, 0, 0)\" class=\"has-inline-color has-white-color\">Nacelle<\/mark><\/strong><\/figcaption><\/figure>\n\n\n\n<figure class=\"wp-block-image size-full\"><a href=\"https:\/\/www.cameronballoons.co.uk\/stratusneo-burner\" target=\"_blank\" rel=\"noreferrer noopener\"><img loading=\"lazy\" decoding=\"async\" width=\"704\" height=\"532\" data-id=\"321\" src=\"https:\/\/www.cameronballoons.ca\/wp-content\/uploads\/2024\/05\/StratusNeo_Burner_4.png\" alt=\"\" class=\"wp-image-321\" srcset=\"http:\/\/www.cameronballoons.ca\/wp-content\/uploads\/2024\/05\/StratusNeo_Burner_4.png 704w, http:\/\/www.cameronballoons.ca\/wp-content\/uploads\/2024\/05\/StratusNeo_Burner_4-300x227.png 300w\" sizes=\"(max-width: 704px) 100vw, 704px\" \/><\/a><figcaption class=\"wp-element-caption\"><strong>Bruleur<\/strong><\/figcaption><\/figure>\n<\/figure>\n\n\n\n<p>Essayez notre constructeur virtuelle de montgolfi\u00e8re Skysketcher en cliquant sur le lien ci dessous :<\/p>\n\n\n\n<div class=\"wp-block-buttons is-content-justification-center is-layout-flex wp-container-core-buttons-is-layout-1 wp-block-buttons-is-layout-flex\">\n<div class=\"wp-block-button has-custom-width wp-block-button__width-50 has-custom-font-size is-style-fill has-medium-font-size\"><a class=\"wp-block-button__link has-white-color has-text-color has-background has-link-color wp-element-button\" href=\"https:\/\/www.cameronballoons.co.uk\/skysketcher\" style=\"background-color:#050c89\" target=\"_blank\" rel=\"noreferrer noopener\"><strong>Skysketcher<\/strong><\/a><\/div>\n<\/div>\n","protected":false},"excerpt":{"rendered":"<p>Chez Cameron Balloons Canada nous offrons des produits haute gammes pour combler tous vos besoin d\u2019a\u00e9rostiers. Nos montgolfi\u00e8res sont con\u00e7u \u00e0 Bristol en Angleterre par Cameron Balloons ltd, un leader de l&#8217;industrie depuis plus de 50 ans. Vous n&#8217;avez qu&#8217;a cliquer sur les liens ci-dessous afin de naviguer nos produits. Essayez notre constructeur virtuelle de &hellip; <\/p>\n<p class=\"link-more\"><a href=\"http:\/\/www.cameronballoons.ca\/en\/nos-produits\/\" class=\"more-link\">Continue reading<span class=\"screen-reader-text\"> &#8220;Nos Produits&#8221;<\/span><\/a><\/p>\n","protected":false},"author":1,"featured_media":306,"parent":0,"menu_order":0,"comment_status":"closed","ping_status":"closed","template":"","meta":{"footnotes":""},"_links":{"self":[{"href":"http:\/\/www.cameronballoons.ca\/en\/wp-json\/wp\/v2\/pages\/387"}],"collection":[{"href":"http:\/\/www.cameronballoons.ca\/en\/wp-json\/wp\/v2\/pages"}],"about":[{"href":"http:\/\/www.cameronballoons.ca\/en\/wp-json\/wp\/v2\/types\/page"}],"author":[{"embeddable":true,"href":"http:\/\/www.cameronballoons.ca\/en\/wp-json\/wp\/v2\/users\/1"}],"replies":[{"embeddable":true,"href":"http:\/\/www.cameronballoons.ca\/en\/wp-json\/wp\/v2\/comments?post=387"}],"version-history":[{"count":7,"href":"http:\/\/www.cameronballoons.ca\/en\/wp-json\/wp\/v2\/pages\/387\/revisions"}],"predecessor-version":[{"id":455,"href":"http:\/\/www.cameronballoons.ca\/en\/wp-json\/wp\/v2\/pages\/387\/revisions\/455"}],"wp:featuredmedia":[{"embeddable":true,"href":"http:\/\/www.cameronballoons.ca\/en\/wp-json\/wp\/v2\/media\/306"}],"wp:attachment":[{"href":"http:\/\/www.cameronballoons.ca\/en\/wp-json\/wp\/v2\/media?parent=387"}],"curies":[{"name":"wp","href":"https:\/\/api.w.org\/{rel}","templated":true}]}}