{"id":114,"date":"2017-02-14T20:11:25","date_gmt":"2017-02-14T20:11:25","guid":{"rendered":"http:\/\/www.cameronballoons.ca\/?page_id=114"},"modified":"2024-05-10T20:38:59","modified_gmt":"2024-05-10T20:38:59","slug":"nos-realisation","status":"publish","type":"page","link":"http:\/\/www.cameronballoons.ca\/fr\/a-propos-de-nous\/nos-realisations\/","title":{"rendered":"Nos R\u00e9alisations"},"content":{"rendered":"<p><strong>Voici quelques un des projets sur lesquels nous avons travaill\u00e9.<\/strong><\/p>\n<p>Montgolfiere Sonnet : 90 000 pieds cube <strong>Type Z<\/strong><\/p>\n<table>\n<tbody>\n<tr>\n<td><img loading=\"lazy\" decoding=\"async\" class=\"alignnone size-medium wp-image-115\" src=\"http:\/\/www.cameronballoons.ca\/wp-content\/uploads\/2017\/02\/V19.064-D-217x300.jpg\" alt=\"\" width=\"217\" height=\"300\" srcset=\"http:\/\/www.cameronballoons.ca\/wp-content\/uploads\/2017\/02\/V19.064-D-217x300.jpg 217w, http:\/\/www.cameronballoons.ca\/wp-content\/uploads\/2017\/02\/V19.064-D-600x828.jpg 600w, http:\/\/www.cameronballoons.ca\/wp-content\/uploads\/2017\/02\/V19.064-D-768x1060.jpg 768w, http:\/\/www.cameronballoons.ca\/wp-content\/uploads\/2017\/02\/V19.064-D-742x1024.jpg 742w, http:\/\/www.cameronballoons.ca\/wp-content\/uploads\/2017\/02\/V19.064-D.jpg 1654w\" sizes=\"(max-width: 217px) 100vw, 217px\" \/><\/td>\n<td><img loading=\"lazy\" decoding=\"async\" class=\"alignnone size-medium wp-image-118\" src=\"http:\/\/www.cameronballoons.ca\/wp-content\/uploads\/2017\/02\/IMG_0485-e1487102299128-225x300.jpg\" alt=\"\" width=\"225\" height=\"300\" srcset=\"http:\/\/www.cameronballoons.ca\/wp-content\/uploads\/2017\/02\/IMG_0485-e1487102299128-225x300.jpg 225w, http:\/\/www.cameronballoons.ca\/wp-content\/uploads\/2017\/02\/IMG_0485-e1487102299128-600x800.jpg 600w, http:\/\/www.cameronballoons.ca\/wp-content\/uploads\/2017\/02\/IMG_0485-e1487102299128-768x1024.jpg 768w, http:\/\/www.cameronballoons.ca\/wp-content\/uploads\/2017\/02\/IMG_0485-e1487102299128-scaled.jpg 1920w\" sizes=\"(max-width: 225px) 100vw, 225px\" \/><\/td>\n<\/tr>\n<\/tbody>\n<\/table>\n<p>Montgolfi\u00e8re Dormani : 105 000 pieds cube <strong>Type Z<\/strong><\/p>\n<table>\n<tbody>\n<tr>\n<td><img loading=\"lazy\" decoding=\"async\" class=\"alignnone size-medium wp-image-119\" src=\"http:\/\/www.cameronballoons.ca\/wp-content\/uploads\/2017\/02\/V18.807B-NISSAN-DORMANI-217x300.jpg\" alt=\"\" width=\"217\" height=\"300\" srcset=\"http:\/\/www.cameronballoons.ca\/wp-content\/uploads\/2017\/02\/V18.807B-NISSAN-DORMANI-217x300.jpg 217w, http:\/\/www.cameronballoons.ca\/wp-content\/uploads\/2017\/02\/V18.807B-NISSAN-DORMANI-600x828.jpg 600w, http:\/\/www.cameronballoons.ca\/wp-content\/uploads\/2017\/02\/V18.807B-NISSAN-DORMANI-768x1060.jpg 768w, http:\/\/www.cameronballoons.ca\/wp-content\/uploads\/2017\/02\/V18.807B-NISSAN-DORMANI-742x1024.jpg 742w, http:\/\/www.cameronballoons.ca\/wp-content\/uploads\/2017\/02\/V18.807B-NISSAN-DORMANI.jpg 1654w\" sizes=\"(max-width: 217px) 100vw, 217px\" \/><\/td>\n<td><img loading=\"lazy\" decoding=\"async\" class=\"alignnone size-medium wp-image-121\" src=\"http:\/\/www.cameronballoons.ca\/wp-content\/uploads\/2017\/02\/IMG_8169-225x300.jpg\" alt=\"\" width=\"225\" height=\"300\" srcset=\"http:\/\/www.cameronballoons.ca\/wp-content\/uploads\/2017\/02\/IMG_8169-225x300.jpg 225w, http:\/\/www.cameronballoons.ca\/wp-content\/uploads\/2017\/02\/IMG_8169-600x800.jpg 600w, http:\/\/www.cameronballoons.ca\/wp-content\/uploads\/2017\/02\/IMG_8169-768x1024.jpg 768w, http:\/\/www.cameronballoons.ca\/wp-content\/uploads\/2017\/02\/IMG_8169-scaled.jpg 1920w\" sizes=\"(max-width: 225px) 100vw, 225px\" \/><\/td>\n<\/tr>\n<\/tbody>\n<\/table>\n<p>Montgolfi\u00e8re La Magie de l&rsquo;Air : 120 000 pieds cube <strong>Type Z<\/strong><\/p>\n<table>\n<tbody>\n<tr>\n<td><img loading=\"lazy\" decoding=\"async\" class=\"alignnone size-medium wp-image-122\" src=\"http:\/\/www.cameronballoons.ca\/wp-content\/uploads\/2017\/02\/V19.345-217x300.jpg\" alt=\"\" width=\"217\" height=\"300\" srcset=\"http:\/\/www.cameronballoons.ca\/wp-content\/uploads\/2017\/02\/V19.345-217x300.jpg 217w, http:\/\/www.cameronballoons.ca\/wp-content\/uploads\/2017\/02\/V19.345-600x828.jpg 600w, http:\/\/www.cameronballoons.ca\/wp-content\/uploads\/2017\/02\/V19.345-768x1060.jpg 768w, http:\/\/www.cameronballoons.ca\/wp-content\/uploads\/2017\/02\/V19.345-742x1024.jpg 742w, http:\/\/www.cameronballoons.ca\/wp-content\/uploads\/2017\/02\/V19.345.jpg 1654w\" sizes=\"(max-width: 217px) 100vw, 217px\" \/><\/td>\n<td><img loading=\"lazy\" decoding=\"async\" class=\"alignnone size-medium wp-image-130\" src=\"http:\/\/www.cameronballoons.ca\/wp-content\/uploads\/2017\/02\/en-construction-copie-255x300.png\" alt=\"\" width=\"255\" height=\"300\" srcset=\"http:\/\/www.cameronballoons.ca\/wp-content\/uploads\/2017\/02\/en-construction-copie-255x300.png 255w, http:\/\/www.cameronballoons.ca\/wp-content\/uploads\/2017\/02\/en-construction-copie.png 272w\" sizes=\"(max-width: 255px) 100vw, 255px\" \/><\/td>\n<\/tr>\n<\/tbody>\n<\/table>\n<p>Montgolfi\u00e8re pour l&rsquo;International des montgolfi\u00e8res de St-Jean sur Richelieu : 105 000 pieds cube\u00a0<strong>Type Z<\/strong><\/p>\n<p><img loading=\"lazy\" decoding=\"async\" class=\"alignnone size-medium wp-image-300\" src=\"http:\/\/www.cameronballoons.ca\/wp-content\/uploads\/2024\/05\/Piko-213x300.png\" alt=\"\" width=\"213\" height=\"300\" srcset=\"http:\/\/www.cameronballoons.ca\/wp-content\/uploads\/2024\/05\/Piko-213x300.png 213w, http:\/\/www.cameronballoons.ca\/wp-content\/uploads\/2024\/05\/Piko.png 579w\" sizes=\"(max-width: 213px) 100vw, 213px\" \/><img loading=\"lazy\" decoding=\"async\" class=\"alignnone size-medium wp-image-301\" src=\"http:\/\/www.cameronballoons.ca\/wp-content\/uploads\/2024\/05\/received_1196858205042495-225x300.jpeg\" alt=\"\" width=\"225\" height=\"300\" srcset=\"http:\/\/www.cameronballoons.ca\/wp-content\/uploads\/2024\/05\/received_1196858205042495-225x300.jpeg 225w, http:\/\/www.cameronballoons.ca\/wp-content\/uploads\/2024\/05\/received_1196858205042495-600x800.jpeg 600w, http:\/\/www.cameronballoons.ca\/wp-content\/uploads\/2024\/05\/received_1196858205042495-768x1024.jpeg 768w, http:\/\/www.cameronballoons.ca\/wp-content\/uploads\/2024\/05\/received_1196858205042495-1152x1536.jpeg 1152w, http:\/\/www.cameronballoons.ca\/wp-content\/uploads\/2024\/05\/received_1196858205042495.jpeg 1536w\" sizes=\"(max-width: 225px) 100vw, 225px\" \/><\/p>\n<p>Montgolfi\u00e8re Demo Cameron Balloons Canada : 105 000 pieds cube\u00a0<strong>Type Z<\/strong><\/p>\n<p><img loading=\"lazy\" decoding=\"async\" class=\"alignnone size-medium wp-image-303\" src=\"http:\/\/www.cameronballoons.ca\/wp-content\/uploads\/2024\/05\/Z105-212x300.jpg\" alt=\"\" width=\"212\" height=\"300\" srcset=\"http:\/\/www.cameronballoons.ca\/wp-content\/uploads\/2024\/05\/Z105-212x300.jpg 212w, http:\/\/www.cameronballoons.ca\/wp-content\/uploads\/2024\/05\/Z105.jpg 576w\" sizes=\"(max-width: 212px) 100vw, 212px\" \/> <img loading=\"lazy\" decoding=\"async\" class=\"alignnone size-medium wp-image-304\" src=\"http:\/\/www.cameronballoons.ca\/wp-content\/uploads\/2024\/05\/FB_IMG_1691438720035-1-200x300.jpg\" alt=\"\" width=\"200\" height=\"300\" srcset=\"http:\/\/www.cameronballoons.ca\/wp-content\/uploads\/2024\/05\/FB_IMG_1691438720035-1-200x300.jpg 200w, http:\/\/www.cameronballoons.ca\/wp-content\/uploads\/2024\/05\/FB_IMG_1691438720035-1-600x899.jpg 600w, http:\/\/www.cameronballoons.ca\/wp-content\/uploads\/2024\/05\/FB_IMG_1691438720035-1-683x1024.jpg 683w, http:\/\/www.cameronballoons.ca\/wp-content\/uploads\/2024\/05\/FB_IMG_1691438720035-1-768x1151.jpg 768w, http:\/\/www.cameronballoons.ca\/wp-content\/uploads\/2024\/05\/FB_IMG_1691438720035-1-1025x1536.jpg 1025w, http:\/\/www.cameronballoons.ca\/wp-content\/uploads\/2024\/05\/FB_IMG_1691438720035-1.jpg 1080w\" sizes=\"(max-width: 200px) 100vw, 200px\" \/><\/p>\n<p><\/p>","protected":false},"excerpt":{"rendered":"<p>Voici quelques un des projets sur lesquels nous avons travaill\u00e9. Montgolfiere Sonnet : 90 000 pieds cube Type Z Montgolfi\u00e8re Dormani : 105 000 pieds cube Type Z Montgolfi\u00e8re La Magie de l&rsquo;Air : 120 000 pieds cube Type Z Montgolfi\u00e8re pour l&rsquo;International des montgolfi\u00e8res de St-Jean sur Richelieu : 105 000 pieds cube\u00a0Type Z &hellip; <\/p>\n<p class=\"link-more\"><a href=\"http:\/\/www.cameronballoons.ca\/fr\/a-propos-de-nous\/nos-realisations\/\" class=\"more-link\">Continuer la lecture<span class=\"screen-reader-text\"> de &laquo;&nbsp;Nos R\u00e9alisations&nbsp;&raquo;<\/span><\/a><\/p>\n","protected":false},"author":1,"featured_media":343,"parent":9,"menu_order":0,"comment_status":"closed","ping_status":"closed","template":"","meta":{"footnotes":""},"_links":{"self":[{"href":"http:\/\/www.cameronballoons.ca\/fr\/wp-json\/wp\/v2\/pages\/114"}],"collection":[{"href":"http:\/\/www.cameronballoons.ca\/fr\/wp-json\/wp\/v2\/pages"}],"about":[{"href":"http:\/\/www.cameronballoons.ca\/fr\/wp-json\/wp\/v2\/types\/page"}],"author":[{"embeddable":true,"href":"http:\/\/www.cameronballoons.ca\/fr\/wp-json\/wp\/v2\/users\/1"}],"replies":[{"embeddable":true,"href":"http:\/\/www.cameronballoons.ca\/fr\/wp-json\/wp\/v2\/comments?post=114"}],"version-history":[{"count":11,"href":"http:\/\/www.cameronballoons.ca\/fr\/wp-json\/wp\/v2\/pages\/114\/revisions"}],"predecessor-version":[{"id":422,"href":"http:\/\/www.cameronballoons.ca\/fr\/wp-json\/wp\/v2\/pages\/114\/revisions\/422"}],"up":[{"embeddable":true,"href":"http:\/\/www.cameronballoons.ca\/fr\/wp-json\/wp\/v2\/pages\/9"}],"wp:featuredmedia":[{"embeddable":true,"href":"http:\/\/www.cameronballoons.ca\/fr\/wp-json\/wp\/v2\/media\/343"}],"wp:attachment":[{"href":"http:\/\/www.cameronballoons.ca\/fr\/wp-json\/wp\/v2\/media?parent=114"}],"curies":[{"name":"wp","href":"https:\/\/api.w.org\/{rel}","templated":true}]}}