{"id":312,"date":"2024-05-10T14:42:39","date_gmt":"2024-05-10T14:42:39","guid":{"rendered":"http:\/\/www.cameronballoons.ca\/fr\/?page_id=312"},"modified":"2024-05-11T00:12:08","modified_gmt":"2024-05-11T00:12:08","slug":"envolee-en-ballon","status":"publish","type":"page","link":"http:\/\/www.cameronballoons.ca\/fr\/envolee-en-ballon\/","title":{"rendered":"Nos Forfaits"},"content":{"rendered":"\n<div class=\"wp-block-columns is-layout-flex wp-container-core-columns-is-layout-2 wp-block-columns-is-layout-flex\">\n<div class=\"wp-block-column is-vertically-aligned-center is-layout-flow wp-block-column-is-layout-flow\" style=\"flex-basis:100%\">\n<div class=\"wp-block-media-text is-stacked-on-mobile is-vertically-aligned-top is-image-fill\" style=\"grid-template-columns:25% auto\"><figure class=\"wp-block-media-text__media\" style=\"background-image:url(https:\/\/www.cameronballoons.ca\/wp-content\/uploads\/2024\/05\/julie-rivard-2023-08-05-8-scaled.jpg);background-position:50% 50%\"><img loading=\"lazy\" decoding=\"async\" width=\"1707\" height=\"2560\" src=\"https:\/\/www.cameronballoons.ca\/wp-content\/uploads\/2024\/05\/julie-rivard-2023-08-05-8-scaled.jpg\" alt=\"\" class=\"wp-image-315 size-full\" srcset=\"http:\/\/www.cameronballoons.ca\/wp-content\/uploads\/2024\/05\/julie-rivard-2023-08-05-8-scaled.jpg 1707w, http:\/\/www.cameronballoons.ca\/wp-content\/uploads\/2024\/05\/julie-rivard-2023-08-05-8-200x300.jpg 200w, http:\/\/www.cameronballoons.ca\/wp-content\/uploads\/2024\/05\/julie-rivard-2023-08-05-8-683x1024.jpg 683w, http:\/\/www.cameronballoons.ca\/wp-content\/uploads\/2024\/05\/julie-rivard-2023-08-05-8-768x1152.jpg 768w, http:\/\/www.cameronballoons.ca\/wp-content\/uploads\/2024\/05\/julie-rivard-2023-08-05-8-1024x1536.jpg 1024w, http:\/\/www.cameronballoons.ca\/wp-content\/uploads\/2024\/05\/julie-rivard-2023-08-05-8-1365x2048.jpg 1365w\" sizes=\"(max-width: 767px) 89vw, (max-width: 1000px) 54vw, (max-width: 1071px) 543px, 580px\" \/><\/figure><div class=\"wp-block-media-text__content\">\n<p><strong>La tradionnelle <\/strong><\/p>\n\n\n\n<p>Venez vivre l&rsquo;exp\u00e9rience d&rsquo;un vol en montgolfi\u00e8re avec notre \u00e9quipe. Vous pourrez profiter d&rsquo;une vue imprenable sur la r\u00e9gion de votre choix. Il se pourrait que vous soyez jumel\u00e9 \u00e0 d&rsquo;autre personne et\/ou groupe<\/p>\n\n\n\n<ul>\n<li><strong>Prix<\/strong> : 325.00$ \/ personne<\/li>\n<\/ul>\n\n\n\n<p><strong>Le VIP<\/strong> (2 personne ou plus)<\/p>\n\n\n\n<p>Vous avez envie d&rsquo;intimit\u00e9 ? Venez vivre l&rsquo;exp\u00e9rience unique avec votre tendre moiti\u00e9 ou la personne de votre choix. Ce forfait est parfait pour une demande en mariage ou pour souligner un \u00e9v\u00e8nement sp\u00e9cial. Vous serez seul \u00e0 bord avec votre pilote.<\/p>\n\n\n\n<ul>\n<li><strong>Prix : <\/strong>400.00$ \/ personne<\/li>\n<\/ul>\n\n\n\n<p><strong>La sp\u00e9ciale<\/strong><\/p>\n\n\n\n<p>Vous avez envie de vivre une exp\u00e9rience compl\u00e8tement diff\u00e9rente? La sp\u00e9ciale est pour vous ! Envolez vous \u00e0 bord de l&rsquo;une de nos montgolfi\u00e8re de formes sp\u00e9ciale. Une envol\u00e9e priv\u00e9 pour 2 personnes que vous vous souviendrai toute votre vie.<\/p>\n\n\n\n<ul>\n<li><strong>Prix : <\/strong>1 200.00$<\/li>\n<\/ul>\n\n\n\n<div class=\"wp-block-group\"><div class=\"wp-block-group__inner-container is-layout-constrained wp-block-group-is-layout-constrained\">\n<div class=\"wp-block-group\"><div class=\"wp-block-group__inner-container is-layout-constrained wp-block-group-is-layout-constrained\">\n<div class=\"wp-block-columns is-layout-flex wp-container-core-columns-is-layout-1 wp-block-columns-is-layout-flex\">\n<div class=\"wp-block-column is-layout-flow wp-block-column-is-layout-flow\"><div class=\"wp-block-image\">\n<figure class=\"aligncenter size-full is-resized\"><img loading=\"lazy\" decoding=\"async\" width=\"720\" height=\"720\" src=\"http:\/\/www.cameronballoons.ca\/wp-content\/uploads\/2024\/05\/Oons-Kearlke-Oons-Wiefke-3.jpg\" alt=\"\" class=\"wp-image-318\" style=\"width:364px;height:auto\" srcset=\"http:\/\/www.cameronballoons.ca\/wp-content\/uploads\/2024\/05\/Oons-Kearlke-Oons-Wiefke-3.jpg 720w, http:\/\/www.cameronballoons.ca\/wp-content\/uploads\/2024\/05\/Oons-Kearlke-Oons-Wiefke-3-300x300.jpg 300w, http:\/\/www.cameronballoons.ca\/wp-content\/uploads\/2024\/05\/Oons-Kearlke-Oons-Wiefke-3-150x150.jpg 150w, http:\/\/www.cameronballoons.ca\/wp-content\/uploads\/2024\/05\/Oons-Kearlke-Oons-Wiefke-3-500x500.jpg 500w\" sizes=\"(max-width: 720px) 100vw, 720px\" \/><\/figure><\/div><\/div>\n<\/div>\n<\/div><\/div>\n<\/div><\/div>\n<\/div><\/div>\n\n\n\n<div style=\"height:22px\" aria-hidden=\"true\" class=\"wp-block-spacer\"><\/div>\n\n\n\n<div class=\"wp-block-buttons is-layout-flex wp-block-buttons-is-layout-flex\">\n<div class=\"wp-block-button has-custom-width wp-block-button__width-100 has-custom-font-size is-style-fill has-large-font-size\"><a class=\"wp-block-button__link has-white-color has-vivid-red-background-color has-text-color has-background has-link-color wp-element-button\" href=\"tel:+15143490388\"><strong>R\u00e9server<\/strong><\/a><\/div>\n<\/div>\n<\/div>\n<\/div>\n","protected":false},"excerpt":{"rendered":"<p>La tradionnelle Venez vivre l&rsquo;exp\u00e9rience d&rsquo;un vol en montgolfi\u00e8re avec notre \u00e9quipe. Vous pourrez profiter d&rsquo;une vue imprenable sur la r\u00e9gion de votre choix. Il se pourrait que vous soyez jumel\u00e9 \u00e0 d&rsquo;autre personne et\/ou groupe Le VIP (2 personne ou plus) Vous avez envie d&rsquo;intimit\u00e9 ? Venez vivre l&rsquo;exp\u00e9rience unique avec votre tendre moiti\u00e9 &hellip; <\/p>\n<p class=\"link-more\"><a href=\"http:\/\/www.cameronballoons.ca\/fr\/envolee-en-ballon\/\" class=\"more-link\">Continuer la lecture<span class=\"screen-reader-text\"> de &laquo;&nbsp;Nos Forfaits&nbsp;&raquo;<\/span><\/a><\/p>\n","protected":false},"author":1,"featured_media":0,"parent":0,"menu_order":0,"comment_status":"closed","ping_status":"closed","template":"","meta":{"footnotes":""},"_links":{"self":[{"href":"http:\/\/www.cameronballoons.ca\/fr\/wp-json\/wp\/v2\/pages\/312"}],"collection":[{"href":"http:\/\/www.cameronballoons.ca\/fr\/wp-json\/wp\/v2\/pages"}],"about":[{"href":"http:\/\/www.cameronballoons.ca\/fr\/wp-json\/wp\/v2\/types\/page"}],"author":[{"embeddable":true,"href":"http:\/\/www.cameronballoons.ca\/fr\/wp-json\/wp\/v2\/users\/1"}],"replies":[{"embeddable":true,"href":"http:\/\/www.cameronballoons.ca\/fr\/wp-json\/wp\/v2\/comments?post=312"}],"version-history":[{"count":11,"href":"http:\/\/www.cameronballoons.ca\/fr\/wp-json\/wp\/v2\/pages\/312\/revisions"}],"predecessor-version":[{"id":450,"href":"http:\/\/www.cameronballoons.ca\/fr\/wp-json\/wp\/v2\/pages\/312\/revisions\/450"}],"wp:attachment":[{"href":"http:\/\/www.cameronballoons.ca\/fr\/wp-json\/wp\/v2\/media?parent=312"}],"curies":[{"name":"wp","href":"https:\/\/api.w.org\/{rel}","templated":true}]}}