{"id":331,"date":"2024-05-10T17:21:39","date_gmt":"2024-05-10T17:21:39","guid":{"rendered":"http:\/\/www.cameronballoons.ca\/fr\/?page_id=331"},"modified":"2024-05-10T20:07:18","modified_gmt":"2024-05-10T20:07:18","slug":"informations-utiles","status":"publish","type":"page","link":"https:\/\/www.cameronballoons.ca\/fr\/informations-utiles\/","title":{"rendered":"Informations utiles"},"content":{"rendered":"\n<p><strong>Habillement<\/strong><\/p>\n\n\n\n<p>Lors de votre envol\u00e9e en montgolfi\u00e8re, il est important de s&rsquo;habiller correctement afin de profiter au maximum de votre exp\u00e9rience. <\/p>\n\n\n\n<p>Des v\u00eatements appropri\u00e9s \u00e0 la temp\u00e9rature ext\u00e9rieur de la journ\u00e9e sont a prioriser. Il est aussi important de porter des bonnes chaussures ferm\u00e9e, id\u00e9alement de marche. L&rsquo;activit\u00e9 ce d\u00e9roule dans les champs et sur des terrains gazonner qui peuvent parfois \u00eatre accident\u00e9 et salissant. \u00c9viter de porter des soulier ouvert ou tout autre sandale.<\/p>\n\n\n\n<p>Pour les envol\u00e9e matinale, il est fort possible qu&rsquo;il y est de la ros\u00e9e au sol, il faut donc pr\u00e9voir une chaussure imperm\u00e9able ou une botte afin que vous puissiez profiter de votre envol\u00e9e tout en restant confortable.<\/p>\n\n\n\n<p><strong>Dur\u00e9e<\/strong><\/p>\n\n\n\n<p>L&rsquo;exp\u00e9rience compl\u00e8te est d&rsquo;une dur\u00e9e approximative de 4 heures. \u00c7a comprends une initiation au monde de la montgolfi\u00e8re, participation \u00e0 l&rsquo;assemblage et d\u00e9sassemblage du ballon, un vol d&rsquo;une dur\u00e9e approximative de 45 minutes \u00e0 1 heure et une petite c\u00e9l\u00e9bration au champagne.<\/p>\n\n\n\n<p><strong>Quoi apporter<\/strong> <\/p>\n\n\n\n<p>Puisque nous avons une limite de poids \u00e0 respecter, nous vous demandons d&rsquo;apporter le moins de chose possible. Il vous est permit d&rsquo;apporter votre appareil photo.<\/p>\n\n\n\n<p><strong>M\u00e9t\u00e9o<\/strong><\/p>\n\n\n\n<p>La montgolfi\u00e8re est une activit\u00e9 qui d\u00e9pend de la m\u00e9t\u00e9o, il est donc possible que la journ\u00e9e de votre r\u00e9servation, la m\u00e9t\u00e9o ne soit pas propice au vol en ballon. Si tel est le cas, nous regarderons avec vous pour une date ult\u00e9rieur. Votre s\u00e9curit\u00e9 est notre priorit\u00e9.<\/p>\n","protected":false},"excerpt":{"rendered":"<p>Habillement Lors de votre envol\u00e9e en montgolfi\u00e8re, il est important de s&rsquo;habiller correctement afin de profiter au maximum de votre exp\u00e9rience. Des v\u00eatements appropri\u00e9s \u00e0 la temp\u00e9rature ext\u00e9rieur de la journ\u00e9e sont a prioriser. Il est aussi important de porter des bonnes chaussures ferm\u00e9e, id\u00e9alement de marche. L&rsquo;activit\u00e9 ce d\u00e9roule dans les champs et sur &hellip; <\/p>\n<p class=\"link-more\"><a href=\"https:\/\/www.cameronballoons.ca\/fr\/informations-utiles\/\" class=\"more-link\">Continuer la lecture<span class=\"screen-reader-text\"> de &laquo;&nbsp;Informations utiles&nbsp;&raquo;<\/span><\/a><\/p>\n","protected":false},"author":1,"featured_media":0,"parent":0,"menu_order":0,"comment_status":"closed","ping_status":"closed","template":"","meta":{"footnotes":""},"_links":{"self":[{"href":"https:\/\/www.cameronballoons.ca\/fr\/wp-json\/wp\/v2\/pages\/331"}],"collection":[{"href":"https:\/\/www.cameronballoons.ca\/fr\/wp-json\/wp\/v2\/pages"}],"about":[{"href":"https:\/\/www.cameronballoons.ca\/fr\/wp-json\/wp\/v2\/types\/page"}],"author":[{"embeddable":true,"href":"https:\/\/www.cameronballoons.ca\/fr\/wp-json\/wp\/v2\/users\/1"}],"replies":[{"embeddable":true,"href":"https:\/\/www.cameronballoons.ca\/fr\/wp-json\/wp\/v2\/comments?post=331"}],"version-history":[{"count":4,"href":"https:\/\/www.cameronballoons.ca\/fr\/wp-json\/wp\/v2\/pages\/331\/revisions"}],"predecessor-version":[{"id":414,"href":"https:\/\/www.cameronballoons.ca\/fr\/wp-json\/wp\/v2\/pages\/331\/revisions\/414"}],"wp:attachment":[{"href":"https:\/\/www.cameronballoons.ca\/fr\/wp-json\/wp\/v2\/media?parent=331"}],"curies":[{"name":"wp","href":"https:\/\/api.w.org\/{rel}","templated":true}]}}