{"id":8,"date":"2017-02-13T04:04:26","date_gmt":"2017-02-13T04:04:26","guid":{"rendered":"http:\/\/www.cameronballoons.ca\/?page_id=8"},"modified":"2024-05-10T20:41:52","modified_gmt":"2024-05-10T20:41:52","slug":"accueil","status":"publish","type":"page","link":"https:\/\/www.cameronballoons.ca\/fr\/","title":{"rendered":"Un loisir, un sport, une passion"},"content":{"rendered":"<p><\/p>\n<p class=\"tw-data-text tw-ta tw-text-small\" dir=\"ltr\" style=\"text-align: center;\" data-placeholder=\"Translation\">\u00a0<span lang=\"fr\">Les gens deviennent des a\u00e9rostiers parce que c&rsquo;est excitant, tr\u00e8s amusant et c&rsquo;est une activit\u00e9 \u00e0 laquelle toute la famille, les amis et m\u00eame les coll\u00e8gues de travaille peuvent participer. <\/span><\/p>\n<p class=\"tw-data-text tw-ta tw-text-small\" dir=\"ltr\" style=\"text-align: center;\" data-placeholder=\"Translation\"><span lang=\"fr\">Chez Cameron Balloons Canada\u00a0nous avons des gammes et des mod\u00e8les pour r\u00e9pondre \u00e0 toutes vos exigences, que ce soit pour le pilote priv\u00e9 ou l&rsquo;op\u00e9rateur commercial.<\/span><\/p>\n<p class=\"tw-data-text tw-ta tw-text-small\" dir=\"ltr\" style=\"text-align: center;\" data-placeholder=\"Translation\">De plus, si vous aimeriez devenir pilote et que vous voulez en savoir plus sur comment voler\u00a0votre propre\u00a0ballon, nous pouvons vous aider.<\/p>\n<p><\/p>\n\n\n<figure class=\"wp-block-image size-large\"><img loading=\"lazy\" decoding=\"async\" width=\"1024\" height=\"683\" src=\"https:\/\/www.cameronballoons.ca\/wp-content\/uploads\/2024\/05\/1000015896-1-1024x683.jpg\" alt=\"\" class=\"wp-image-283\" srcset=\"https:\/\/www.cameronballoons.ca\/wp-content\/uploads\/2024\/05\/1000015896-1-1024x683.jpg 1024w, https:\/\/www.cameronballoons.ca\/wp-content\/uploads\/2024\/05\/1000015896-1-scaled-600x400.jpg 600w, https:\/\/www.cameronballoons.ca\/wp-content\/uploads\/2024\/05\/1000015896-1-300x200.jpg 300w, https:\/\/www.cameronballoons.ca\/wp-content\/uploads\/2024\/05\/1000015896-1-768x512.jpg 768w, https:\/\/www.cameronballoons.ca\/wp-content\/uploads\/2024\/05\/1000015896-1-1536x1024.jpg 1536w, https:\/\/www.cameronballoons.ca\/wp-content\/uploads\/2024\/05\/1000015896-1-2048x1365.jpg 2048w, https:\/\/www.cameronballoons.ca\/wp-content\/uploads\/2024\/05\/1000015896-1-750x500.jpg 750w, https:\/\/www.cameronballoons.ca\/wp-content\/uploads\/2024\/05\/1000015896-1-272x182.jpg 272w\" sizes=\"(max-width: 767px) 89vw, (max-width: 1000px) 54vw, (max-width: 1071px) 543px, 580px\" \/><\/figure>","protected":false},"excerpt":{"rendered":"<p>\u00a0Les gens deviennent des a\u00e9rostiers parce que c&rsquo;est excitant, tr\u00e8s amusant et c&rsquo;est une activit\u00e9 \u00e0 laquelle toute la famille, les amis et m\u00eame les coll\u00e8gues de travaille peuvent participer. Chez Cameron Balloons Canada\u00a0nous avons des gammes et des mod\u00e8les pour r\u00e9pondre \u00e0 toutes vos exigences, que ce soit pour le pilote priv\u00e9 ou l&rsquo;op\u00e9rateur &hellip; <\/p>\n<p class=\"link-more\"><a href=\"https:\/\/www.cameronballoons.ca\/fr\/\" class=\"more-link\">Continuer la lecture<span class=\"screen-reader-text\"> de &laquo;&nbsp;Un loisir, un sport, une passion&nbsp;&raquo;<\/span><\/a><\/p>\n","protected":false},"author":1,"featured_media":343,"parent":0,"menu_order":0,"comment_status":"closed","ping_status":"closed","template":"","meta":{"footnotes":""},"_links":{"self":[{"href":"https:\/\/www.cameronballoons.ca\/fr\/wp-json\/wp\/v2\/pages\/8"}],"collection":[{"href":"https:\/\/www.cameronballoons.ca\/fr\/wp-json\/wp\/v2\/pages"}],"about":[{"href":"https:\/\/www.cameronballoons.ca\/fr\/wp-json\/wp\/v2\/types\/page"}],"author":[{"embeddable":true,"href":"https:\/\/www.cameronballoons.ca\/fr\/wp-json\/wp\/v2\/users\/1"}],"replies":[{"embeddable":true,"href":"https:\/\/www.cameronballoons.ca\/fr\/wp-json\/wp\/v2\/comments?post=8"}],"version-history":[{"count":15,"href":"https:\/\/www.cameronballoons.ca\/fr\/wp-json\/wp\/v2\/pages\/8\/revisions"}],"predecessor-version":[{"id":425,"href":"https:\/\/www.cameronballoons.ca\/fr\/wp-json\/wp\/v2\/pages\/8\/revisions\/425"}],"wp:featuredmedia":[{"embeddable":true,"href":"https:\/\/www.cameronballoons.ca\/fr\/wp-json\/wp\/v2\/media\/343"}],"wp:attachment":[{"href":"https:\/\/www.cameronballoons.ca\/fr\/wp-json\/wp\/v2\/media?parent=8"}],"curies":[{"name":"wp","href":"https:\/\/api.w.org\/{rel}","templated":true}]}}